{"id":27020,"date":"2023-10-16T18:24:41","date_gmt":"2023-10-16T16:24:41","guid":{"rendered":"https:\/\/www.valgardenasport.com\/santa-cristina-intersport-rent-center\/"},"modified":"2025-06-08T23:01:45","modified_gmt":"2025-06-08T21:01:45","slug":"st-christina-intersport-rent-center","status":"publish","type":"page","link":"https:\/\/www.valgardenasport.com\/de\/st-christina-intersport-rent-center\/","title":{"rendered":"Intersport Center &#8211; St. Christina"},"content":{"rendered":"<p><div class=\"fusion-fullwidth fullwidth-box fusion-builder-row-1 fusion-flex-container nonhundred-percent-fullwidth non-hundred-percent-height-scrolling\" style=\"--awb-border-radius-top-left:0px;--awb-border-radius-top-right:0px;--awb-border-radius-bottom-right:0px;--awb-border-radius-bottom-left:0px;--awb-flex-wrap:wrap;\" ><div class=\"fusion-builder-row fusion-row fusion-flex-align-items-flex-start fusion-flex-content-wrap\" style=\"max-width:1393.6px;margin-left: calc(-4% \/ 2 );margin-right: calc(-4% \/ 2 );\"><div class=\"fusion-layout-column fusion_builder_column fusion-builder-column-0 fusion_builder_column_1_2 1_2 fusion-flex-column\" style=\"--awb-bg-size:cover;--awb-width-large:50%;--awb-margin-top-large:0px;--awb-spacing-right-large:3.84%;--awb-margin-bottom-large:20px;--awb-spacing-left-large:3.84%;--awb-width-medium:50%;--awb-order-medium:0;--awb-spacing-right-medium:3.84%;--awb-spacing-left-medium:3.84%;--awb-width-small:100%;--awb-order-small:0;--awb-spacing-right-small:1.92%;--awb-spacing-left-small:1.92%;\"><div class=\"fusion-column-wrapper fusion-column-has-shadow fusion-flex-justify-content-flex-start fusion-content-layout-column\"><div style=\"text-align:left;\"><a class=\"fusion-button button-flat button-medium button-custom fusion-button-default button-1 fusion-button-default-span fusion-button-default-type\" style=\"--button_accent_color:#000000;--button_border_color:#000000;--button_accent_hover_color:#000000;--button_border_hover_color:#000000;--button_border_width-top:1px;--button_border_width-right:1px;--button_border_width-bottom:1px;--button_border_width-left:1px;--button_gradient_top_color:#ffffff;--button_gradient_bottom_color:#ffffff;--button_gradient_top_color_hover:#ffffff;--button_gradient_bottom_color_hover:#ffffff;\" target=\"_self\" title=\"h2\" aria-label=\"h2\"><span class=\"fusion-button-text awb-button__text awb-button__text--default\">SKI &amp; BIKE VERLEIH ST. CHRISTINA<\/span><\/a><\/div><div class=\"fusion-title title fusion-title-1 fusion-sep-none fusion-title-text fusion-title-size-one\" style=\"--awb-margin-top-small:10px;--awb-margin-right-small:0px;--awb-margin-bottom-small:10px;--awb-margin-left-small:0px;\"><h1 class=\"fusion-title-heading title-heading-left fusion-responsive-typography-calculated\" style=\"margin:0;--fontSize:46;line-height:1.08;\">Intersport Center<br \/>\nVerleih &#8211; Shop &#8211; Depot<\/h1><\/div><div class=\"fusion-text fusion-text-1\"><p>Dursan Str. 98<br \/>\n39047 St. Christina<br \/>\n<a href=\"tel:\/\/00390471790015\">Tel. +39 0471 790015<\/a><br \/>\nE-Mail: <a href=\"mailto:info@valgardenasport.com\">info@valgardenasport.com<\/a><\/p>\n<\/div><ul style=\"--awb-size:17px;--awb-iconcolor:#215d9b;--awb-line-height:28.9px;--awb-icon-width:28.9px;--awb-icon-height:28.9px;--awb-icon-margin:11.9px;--awb-content-margin:40.8px;\" class=\"fusion-checklist fusion-checklist-1 fusion-checklist-default type-icons\"><li class=\"fusion-li-item\" style=\"\"><span class=\"icon-wrapper circle-no\"><i class=\"fusion-li-icon icon-intersportIntersport-sign-3\" aria-hidden=\"true\"><\/i><\/span><div class=\"fusion-li-item-content\">\n<p><b>Winter:<\/b> Verleih von Skiern, Snowboards, Tourenskiern, &#8230;<\/p>\n<\/div><\/li><li class=\"fusion-li-item\" style=\"\"><span class=\"icon-wrapper circle-no\"><i class=\"fusion-li-icon icon-intersportIntersport-sign-3\" aria-hidden=\"true\"><\/i><\/span><div class=\"fusion-li-item-content\">\n<p><b>Sommer:<\/b> Fahrradverleih, E-Bikes, Buggys, Klettersteigsets, &#8230;<\/p>\n<\/div><\/li><li class=\"fusion-li-item\" style=\"\"><span class=\"icon-wrapper circle-no\"><i class=\"fusion-li-icon icon-intersportIntersport-sign-3\" aria-hidden=\"true\"><\/i><\/span><div class=\"fusion-li-item-content\">\n<p><b>Verkauf:<\/b> Fahrr\u00e4der, E-Bikes, Ski, Skischuhe, &#8230;<\/p>\n<\/div><\/li><li class=\"fusion-li-item\" style=\"\"><span class=\"icon-wrapper circle-no\"><i class=\"fusion-li-icon icon-intersportIntersport-sign-3\" aria-hidden=\"true\"><\/i><\/span><div class=\"fusion-li-item-content\">\n<p>Boot fitting<\/p>\n<\/div><\/li><li class=\"fusion-li-item\" style=\"\"><span class=\"icon-wrapper circle-no\"><i class=\"fusion-li-icon icon-intersportIntersport-sign-3\" aria-hidden=\"true\"><\/i><\/span><div class=\"fusion-li-item-content\">\n<p>Skiservice und Skidepot<\/p>\n<\/div><\/li><\/ul><\/div><\/div><div class=\"fusion-layout-column fusion_builder_column fusion-builder-column-1 fusion_builder_column_1_2 1_2 fusion-flex-column\" style=\"--awb-bg-size:cover;--awb-width-large:50%;--awb-margin-top-large:0px;--awb-spacing-right-large:3.84%;--awb-margin-bottom-large:20px;--awb-spacing-left-large:3.84%;--awb-width-medium:50%;--awb-order-medium:0;--awb-spacing-right-medium:3.84%;--awb-spacing-left-medium:3.84%;--awb-width-small:100%;--awb-order-small:0;--awb-spacing-right-small:1.92%;--awb-spacing-left-small:1.92%;\"><div class=\"fusion-column-wrapper fusion-column-has-shadow fusion-flex-justify-content-flex-start fusion-content-layout-column\"><div class=\"awb-gallery-wrapper awb-gallery-wrapper-1 button-span-no\" style=\"--more-btn-alignment:center;margin-bottom:4px;\"><div style=\"margin:-2px;--awb-bordersize:0px;\" class=\"fusion-gallery fusion-gallery-container fusion-grid-3 fusion-columns-total-5 fusion-gallery-layout-grid fusion-gallery-1\"><div style=\"padding:2px;\" class=\"fusion-grid-column fusion-gallery-column fusion-gallery-column-3 hover-type-none\"><div class=\"fusion-gallery-image\"><a href=\"https:\/\/www.valgardenasport.com\/wp-content\/uploads\/2025\/06\/Intersport-s-cristina-outside.webp\" rel=\"noreferrer\" data-rel=\"iLightbox[gallery_image_1]\" class=\"fusion-lightbox\" target=\"_self\"><img decoding=\"async\" src=\"https:\/\/www.valgardenasport.com\/wp-content\/uploads\/2025\/06\/Intersport-s-cristina-outside.webp\" width=\"1360\" height=\"1020\" alt=\"intersport center s. cristina - outside\" title=\"Intersport-s-cristina-outside\" aria-label=\"Intersport-s-cristina-outside\" class=\"img-responsive wp-image-35726\" srcset=\"https:\/\/www.valgardenasport.com\/wp-content\/uploads\/2025\/06\/Intersport-s-cristina-outside-200x150.webp 200w, https:\/\/www.valgardenasport.com\/wp-content\/uploads\/2025\/06\/Intersport-s-cristina-outside-400x300.webp 400w, https:\/\/www.valgardenasport.com\/wp-content\/uploads\/2025\/06\/Intersport-s-cristina-outside-600x450.webp 600w, https:\/\/www.valgardenasport.com\/wp-content\/uploads\/2025\/06\/Intersport-s-cristina-outside-800x600.webp 800w, https:\/\/www.valgardenasport.com\/wp-content\/uploads\/2025\/06\/Intersport-s-cristina-outside-1200x900.webp 1200w, https:\/\/www.valgardenasport.com\/wp-content\/uploads\/2025\/06\/Intersport-s-cristina-outside.webp 1360w\" sizes=\"(min-width: 2200px) 100vw, (min-width: 784px) 445px, (min-width: 712px) 668px, (min-width: 640px) 712px, \" \/><\/a><\/div><\/div><div style=\"padding:2px;\" class=\"fusion-grid-column fusion-gallery-column fusion-gallery-column-3 hover-type-none\"><div class=\"fusion-gallery-image\"><a href=\"https:\/\/www.valgardenasport.com\/wp-content\/uploads\/2025\/06\/Intersport-s-cristina-inside-1.webp\" rel=\"noreferrer\" data-rel=\"iLightbox[gallery_image_1]\" class=\"fusion-lightbox\" target=\"_self\"><img decoding=\"async\" src=\"https:\/\/www.valgardenasport.com\/wp-content\/uploads\/2025\/06\/Intersport-s-cristina-inside-1.webp\" width=\"765\" height=\"1020\" alt=\"intersport center s. cristina - oakley goggles shop\" title=\"Intersport-s-cristina-inside-1\" aria-label=\"Intersport-s-cristina-inside-1\" class=\"img-responsive wp-image-35723\" srcset=\"https:\/\/www.valgardenasport.com\/wp-content\/uploads\/2025\/06\/Intersport-s-cristina-inside-1-200x267.webp 200w, https:\/\/www.valgardenasport.com\/wp-content\/uploads\/2025\/06\/Intersport-s-cristina-inside-1-400x533.webp 400w, https:\/\/www.valgardenasport.com\/wp-content\/uploads\/2025\/06\/Intersport-s-cristina-inside-1-600x800.webp 600w, https:\/\/www.valgardenasport.com\/wp-content\/uploads\/2025\/06\/Intersport-s-cristina-inside-1.webp 765w\" sizes=\"(min-width: 2200px) 100vw, (min-width: 784px) 445px, (min-width: 712px) 668px, (min-width: 640px) 712px, \" \/><\/a><\/div><\/div><div style=\"padding:2px;\" class=\"fusion-grid-column fusion-gallery-column fusion-gallery-column-3 hover-type-none\"><div class=\"fusion-gallery-image\"><a href=\"https:\/\/www.valgardenasport.com\/wp-content\/uploads\/2025\/06\/Intersport-s-cristina-inside-2.webp\" rel=\"noreferrer\" data-rel=\"iLightbox[gallery_image_1]\" class=\"fusion-lightbox\" target=\"_self\"><img decoding=\"async\" src=\"https:\/\/www.valgardenasport.com\/wp-content\/uploads\/2025\/06\/Intersport-s-cristina-inside-2.webp\" width=\"1360\" height=\"1020\" alt=\"intersport center s. cristina - bike rental\" title=\"Intersport-s-cristina-inside-2\" aria-label=\"Intersport-s-cristina-inside-2\" class=\"img-responsive wp-image-35720\" srcset=\"https:\/\/www.valgardenasport.com\/wp-content\/uploads\/2025\/06\/Intersport-s-cristina-inside-2-200x150.webp 200w, https:\/\/www.valgardenasport.com\/wp-content\/uploads\/2025\/06\/Intersport-s-cristina-inside-2-400x300.webp 400w, https:\/\/www.valgardenasport.com\/wp-content\/uploads\/2025\/06\/Intersport-s-cristina-inside-2-600x450.webp 600w, https:\/\/www.valgardenasport.com\/wp-content\/uploads\/2025\/06\/Intersport-s-cristina-inside-2-800x600.webp 800w, https:\/\/www.valgardenasport.com\/wp-content\/uploads\/2025\/06\/Intersport-s-cristina-inside-2-1200x900.webp 1200w, https:\/\/www.valgardenasport.com\/wp-content\/uploads\/2025\/06\/Intersport-s-cristina-inside-2.webp 1360w\" sizes=\"(min-width: 2200px) 100vw, (min-width: 784px) 445px, (min-width: 712px) 668px, (min-width: 640px) 712px, \" \/><\/a><\/div><\/div><div class=\"clearfix\"><\/div><div style=\"padding:2px;\" class=\"fusion-grid-column fusion-gallery-column fusion-gallery-column-3 hover-type-none\"><div class=\"fusion-gallery-image\"><a href=\"https:\/\/www.valgardenasport.com\/wp-content\/uploads\/2023\/09\/bike-rental-intersport-s-cristina.webp\" rel=\"noreferrer\" data-rel=\"iLightbox[gallery_image_1]\" class=\"fusion-lightbox\" target=\"_self\"><img decoding=\"async\" src=\"https:\/\/www.valgardenasport.com\/wp-content\/uploads\/2023\/09\/bike-rental-intersport-s-cristina.webp\" width=\"1920\" height=\"1440\" alt=\"\" title=\"bike-rental-intersport-s-cristina\" aria-label=\"bike-rental-intersport-s-cristina\" class=\"img-responsive wp-image-28002\" srcset=\"https:\/\/www.valgardenasport.com\/wp-content\/uploads\/2023\/09\/bike-rental-intersport-s-cristina-200x150.webp 200w, https:\/\/www.valgardenasport.com\/wp-content\/uploads\/2023\/09\/bike-rental-intersport-s-cristina-400x300.webp 400w, https:\/\/www.valgardenasport.com\/wp-content\/uploads\/2023\/09\/bike-rental-intersport-s-cristina-600x450.webp 600w, https:\/\/www.valgardenasport.com\/wp-content\/uploads\/2023\/09\/bike-rental-intersport-s-cristina-800x600.webp 800w, https:\/\/www.valgardenasport.com\/wp-content\/uploads\/2023\/09\/bike-rental-intersport-s-cristina-1200x900.webp 1200w, https:\/\/www.valgardenasport.com\/wp-content\/uploads\/2023\/09\/bike-rental-intersport-s-cristina.webp 1920w\" sizes=\"(min-width: 2200px) 100vw, (min-width: 784px) 445px, (min-width: 712px) 668px, (min-width: 640px) 712px, \"><\/a><\/div><\/div><div style=\"padding:2px;\" class=\"fusion-grid-column fusion-gallery-column fusion-gallery-column-3 hover-type-none\"><div class=\"fusion-gallery-image\"><a href=\"https:\/\/www.valgardenasport.com\/wp-content\/uploads\/2023\/09\/noleggio-santa-cristina.webp\" rel=\"noreferrer\" data-rel=\"iLightbox[gallery_image_1]\" class=\"fusion-lightbox\" target=\"_self\"><img decoding=\"async\" src=\"https:\/\/www.valgardenasport.com\/wp-content\/uploads\/2023\/09\/noleggio-santa-cristina.webp\" width=\"1920\" height=\"1440\" alt=\"\" title=\"noleggio-santa-cristina\" aria-label=\"noleggio-santa-cristina\" class=\"img-responsive wp-image-28958\" srcset=\"https:\/\/www.valgardenasport.com\/wp-content\/uploads\/2023\/09\/noleggio-santa-cristina-200x150.webp 200w, https:\/\/www.valgardenasport.com\/wp-content\/uploads\/2023\/09\/noleggio-santa-cristina-400x300.webp 400w, https:\/\/www.valgardenasport.com\/wp-content\/uploads\/2023\/09\/noleggio-santa-cristina-600x450.webp 600w, https:\/\/www.valgardenasport.com\/wp-content\/uploads\/2023\/09\/noleggio-santa-cristina-800x600.webp 800w, https:\/\/www.valgardenasport.com\/wp-content\/uploads\/2023\/09\/noleggio-santa-cristina-1200x900.webp 1200w, https:\/\/www.valgardenasport.com\/wp-content\/uploads\/2023\/09\/noleggio-santa-cristina.webp 1920w\" sizes=\"(min-width: 2200px) 100vw, (min-width: 784px) 445px, (min-width: 712px) 668px, (min-width: 640px) 712px, \"><\/a><\/div><\/div><\/div><\/div><div class=\"awb-openstreet-map awb-openstreet-map-1\" data-map-style=\"osm-carto\" data-map-type=\"polygon\" data-zoom=\"14\" data-zoomsnap=\"1\" data-zoomcontrol=\"1\" data-scrollwheelzoom=\"1\" data-dragging=\"1\" data-touchzoom=\"1\" data-dbclickzoom=\"1\" data-fitbounds=\"1\" data-shape-color=\"rgba(25,143,217,1)\" data-shape-weight=\"3\"><div class=\"awb-openstreet-map-marker awb-openstreet-map-marker-1\" data-latitude=\"46.55828487498972\" data-longitude=\"11.726301304997314\" data-icon=\"icon-intersportIntersport-sign-3\" data-action=\"tooltip\"><div class=\"awb-openstreet-map-marker-icon-wrapper awb-openstreet-map-marker-anim-pulsating\" style=\"--awb-size:18px;--awb-background-color:var(--awb-color8);--awb-hover-background-color:var(--awb-color8);\"><i class=\"icon-intersportIntersport-sign-3\"><\/i><\/div><div class=\"awb-openstreet-map-content-wrapper\"><div class=\"awb-openstreet-map-marker-content\">Intersport Rent Center<\/div><\/div><\/div><\/div><\/div><\/div><\/div><\/div><div class=\"fusion-fullwidth fullwidth-box fusion-builder-row-2 fusion-flex-container has-pattern-background has-mask-background nonhundred-percent-fullwidth non-hundred-percent-height-scrolling\" style=\"--awb-border-radius-top-left:0px;--awb-border-radius-top-right:0px;--awb-border-radius-bottom-right:0px;--awb-border-radius-bottom-left:0px;--awb-padding-top:27px;--awb-margin-top:0px;--awb-flex-wrap:wrap;\" ><div class=\"fusion-builder-row fusion-row fusion-flex-align-items-stretch fusion-flex-content-wrap\" style=\"max-width:1393.6px;margin-left: calc(-4% \/ 2 );margin-right: calc(-4% \/ 2 );\"><div class=\"fusion-layout-column fusion_builder_column fusion-builder-column-2 fusion_builder_column_1_1 1_1 fusion-flex-column\" style=\"--awb-bg-size:cover;--awb-width-large:100%;--awb-margin-top-large:0px;--awb-spacing-right-large:1.92%;--awb-margin-bottom-large:20px;--awb-spacing-left-large:1.92%;--awb-width-medium:100%;--awb-order-medium:0;--awb-spacing-right-medium:1.92%;--awb-spacing-left-medium:1.92%;--awb-width-small:100%;--awb-order-small:0;--awb-spacing-right-small:1.92%;--awb-spacing-left-small:1.92%;\"><div class=\"fusion-column-wrapper fusion-column-has-shadow fusion-flex-justify-content-flex-start fusion-content-layout-column\"><div class=\"fusion-builder-row fusion-builder-row-inner fusion-row fusion-flex-align-items-stretch fusion-flex-content-wrap\" style=\"--awb-flex-grow:0;--awb-flex-grow-medium:0;--awb-flex-grow-small:0;--awb-flex-shrink:0;--awb-flex-shrink-medium:0;--awb-flex-shrink-small:0;width:104% !important;max-width:104% !important;margin-left: calc(-4% \/ 2 );margin-right: calc(-4% \/ 2 );\"><div class=\"fusion-layout-column fusion_builder_column_inner fusion-builder-nested-column-0 fusion_builder_column_inner_1_3 1_3 fusion-flex-column\" style=\"--awb-padding-top:10px;--awb-padding-right:10px;--awb-padding-left:10px;--awb-bg-size:cover;--awb-border-color:var(--awb-custom_color_2);--awb-border-top:1px;--awb-border-right:1px;--awb-border-bottom:1px;--awb-border-left:1px;--awb-border-style:solid;--awb-width-large:33.333333333333%;--awb-margin-top-large:0px;--awb-spacing-right-large:5.76%;--awb-margin-bottom-large:20px;--awb-spacing-left-large:5.76%;--awb-width-medium:33.333333333333%;--awb-order-medium:0;--awb-spacing-right-medium:5.76%;--awb-spacing-left-medium:5.76%;--awb-width-small:100%;--awb-order-small:0;--awb-spacing-right-small:1.92%;--awb-spacing-left-small:1.92%;\"><div class=\"fusion-column-wrapper fusion-column-has-shadow fusion-flex-justify-content-flex-start fusion-content-layout-column\"><div class=\"fusion-text fusion-text-2\" style=\"--awb-content-alignment:center;\"><p><strong>\u00d6ffnungszeiten im Winter<\/strong><br \/>\nMontag &#8211; Sonntag<br \/>\n8:00 &#8211; 19:00<\/p>\n<p><b>\u00d6ffnungszeiten im Sommer<\/b><br \/>\nMontag &#8211; Sonntag<br \/>\n8:15 &#8211; 12:00 \/ 14:00 &#8211; 18:30<\/p>\n<\/div><\/div><\/div><div class=\"fusion-layout-column fusion_builder_column_inner fusion-builder-nested-column-1 fusion_builder_column_inner_1_3 1_3 fusion-flex-column\" style=\"--awb-padding-top:10px;--awb-padding-right:10px;--awb-padding-bottom:10px;--awb-padding-left:10px;--awb-bg-size:cover;--awb-border-color:var(--awb-custom_color_2);--awb-border-top:1px;--awb-border-right:1px;--awb-border-bottom:1px;--awb-border-left:1px;--awb-border-style:solid;--awb-width-large:33.333333333333%;--awb-margin-top-large:0px;--awb-spacing-right-large:5.76%;--awb-margin-bottom-large:20px;--awb-spacing-left-large:5.76%;--awb-width-medium:33.333333333333%;--awb-order-medium:0;--awb-spacing-right-medium:5.76%;--awb-spacing-left-medium:5.76%;--awb-width-small:100%;--awb-order-small:0;--awb-spacing-right-small:1.92%;--awb-spacing-left-small:1.92%;\"><div class=\"fusion-column-wrapper fusion-column-has-shadow fusion-flex-justify-content-flex-start fusion-content-layout-column\"><div class=\"fusion-text fusion-text-3\" style=\"--awb-content-alignment:center;\"><p><strong>Wo findest du uns?<\/strong><br \/>\nWir befinden uns im Zentrum von St. Christina, in der N\u00e4he des Skipassb\u00fcros. Parkm\u00f6glichkeit vor dem Gesch\u00e4ft.<\/p>\n<\/div><div style=\"text-align:center;\"><a class=\"fusion-button button-flat fusion-button-default-size button-default fusion-button-default button-2 fusion-button-default-span fusion-button-default-type\" style=\"--awb-margin-bottom:20px;\" target=\"_self\" href=\"https:\/\/maps.app.goo.gl\/nUN95Er9naMkb4Dr9\" rel=\"noopener\"><i class=\"icon-directions-solid awb-button__icon awb-button__icon--default button-icon-left\" aria-hidden=\"true\"><\/i><span class=\"fusion-button-text awb-button__text awb-button__text--default\">Google Maps<\/span><\/a><\/div><\/div><\/div><div class=\"fusion-layout-column fusion_builder_column_inner fusion-builder-nested-column-2 fusion_builder_column_inner_1_3 1_3 fusion-flex-column\" style=\"--awb-padding-top:10px;--awb-padding-right:10px;--awb-padding-bottom:10px;--awb-padding-left:10px;--awb-bg-size:cover;--awb-border-color:var(--awb-custom_color_2);--awb-border-top:1px;--awb-border-right:1px;--awb-border-bottom:1px;--awb-border-left:1px;--awb-border-style:solid;--awb-width-large:33.333333333333%;--awb-margin-top-large:0px;--awb-spacing-right-large:5.76%;--awb-margin-bottom-large:20px;--awb-spacing-left-large:5.76%;--awb-width-medium:33.333333333333%;--awb-order-medium:0;--awb-spacing-right-medium:5.76%;--awb-spacing-left-medium:5.76%;--awb-width-small:100%;--awb-order-small:0;--awb-spacing-right-small:1.92%;--awb-spacing-left-small:1.92%;\"><div class=\"fusion-column-wrapper fusion-column-has-shadow fusion-flex-justify-content-flex-start fusion-content-layout-column\"><div class=\"fusion-text fusion-text-4\" style=\"--awb-content-alignment:center;\"><p><strong>Einige Informationen<\/strong><br \/>\nIm Winter wie im Sommer sind wir die Anlaufstelle f\u00fcr Ski- und Fahrradverleih. Wir versuchen immer, dir die neuesten technischen Innovationen zu bieten, damit du unvergessliche Tage in unseren Bergen verbringen kannst.<\/p>\n<\/div><\/div><\/div><\/div><\/div><\/div><\/div><\/div><div class=\"fusion-fullwidth fullwidth-box fusion-builder-row-3 fusion-flex-container has-pattern-background has-mask-background nonhundred-percent-fullwidth non-hundred-percent-height-scrolling\" style=\"--awb-border-radius-top-left:0px;--awb-border-radius-top-right:0px;--awb-border-radius-bottom-right:0px;--awb-border-radius-bottom-left:0px;--awb-flex-wrap:wrap;\" ><div class=\"fusion-builder-row fusion-row fusion-flex-align-items-flex-start fusion-flex-content-wrap\" style=\"max-width:1393.6px;margin-left: calc(-4% \/ 2 );margin-right: calc(-4% \/ 2 );\"><div class=\"fusion-layout-column fusion_builder_column fusion-builder-column-3 fusion_builder_column_1_1 1_1 fusion-flex-column\" style=\"--awb-padding-bottom:30px;--awb-bg-image:url(&#039;https:\/\/www.valgardenasport.com\/wp-content\/uploads\/2024\/09\/book-online-intersport-blue-2-scaled.webp&#039;);--awb-bg-size:cover;--awb-width-large:100%;--awb-margin-top-large:0px;--awb-spacing-right-large:1.92%;--awb-margin-bottom-large:20px;--awb-spacing-left-large:1.92%;--awb-width-medium:100%;--awb-order-medium:0;--awb-spacing-right-medium:1.92%;--awb-spacing-left-medium:1.92%;--awb-width-small:100%;--awb-order-small:0;--awb-spacing-right-small:1.92%;--awb-spacing-left-small:1.92%;\"><div class=\"fusion-column-wrapper fusion-column-has-shadow fusion-flex-justify-content-flex-start fusion-content-layout-column fusion-column-has-bg-image\" data-bg-url=\"https:\/\/www.valgardenasport.com\/wp-content\/uploads\/2024\/09\/book-online-intersport-blue-2-scaled.webp\"><div class=\"fusion-text fusion-text-5 fusion-text-no-margin\" style=\"--awb-content-alignment:center;--awb-font-size:var(--awb-typography1-font-size);--awb-line-height:var(--awb-typography1-line-height);--awb-letter-spacing:var(--awb-typography1-letter-spacing);--awb-text-transform:var(--awb-typography1-text-transform);--awb-text-color:var(--awb-color1);--awb-margin-top:100px;--awb-margin-bottom:50px;--awb-text-font-family:var(--awb-typography1-font-family);--awb-text-font-weight:var(--awb-typography1-font-weight);--awb-text-font-style:var(--awb-typography1-font-style);\"><p>Miete jetzt deine Ausr\u00fcstung<\/p>\n<\/div><div class=\"fusion-builder-row fusion-builder-row-inner fusion-row fusion-flex-align-items-flex-start fusion-flex-content-wrap\" style=\"--awb-flex-grow:0;--awb-flex-grow-medium:0;--awb-flex-grow-small:0;--awb-flex-shrink:0;--awb-flex-shrink-medium:0;--awb-flex-shrink-small:0;width:104% !important;max-width:104% !important;margin-left: calc(-4% \/ 2 );margin-right: calc(-4% \/ 2 );\"><div class=\"fusion-layout-column fusion_builder_column_inner fusion-builder-nested-column-3 fusion_builder_column_inner_1_2 1_2 fusion-flex-column\" style=\"--awb-bg-size:cover;--awb-width-large:50%;--awb-margin-top-large:0px;--awb-spacing-right-large:3.84%;--awb-margin-bottom-large:20px;--awb-spacing-left-large:3.84%;--awb-width-medium:50%;--awb-order-medium:0;--awb-spacing-right-medium:3.84%;--awb-spacing-left-medium:3.84%;--awb-width-small:100%;--awb-order-small:0;--awb-spacing-right-small:1.92%;--awb-spacing-left-small:1.92%;\"><div class=\"fusion-column-wrapper fusion-column-has-shadow fusion-flex-justify-content-flex-start fusion-content-layout-column\"><div style=\"text-align:center;\"><a class=\"fusion-button button-flat button-xlarge button-default fusion-button-default button-3 fusion-button-default-span fusion-button-default-type\" target=\"_self\" href=\"\/de\/online-buchung-skiverleih-st-christina\/\"><span class=\"fusion-button-text awb-button__text awb-button__text--default\">SKI Buchen<\/span><\/a><\/div><\/div><\/div><div class=\"fusion-layout-column fusion_builder_column_inner fusion-builder-nested-column-4 fusion_builder_column_inner_1_2 1_2 fusion-flex-column\" style=\"--awb-bg-size:cover;--awb-width-large:50%;--awb-margin-top-large:0px;--awb-spacing-right-large:3.84%;--awb-margin-bottom-large:20px;--awb-spacing-left-large:3.84%;--awb-width-medium:50%;--awb-order-medium:0;--awb-spacing-right-medium:3.84%;--awb-spacing-left-medium:3.84%;--awb-width-small:100%;--awb-order-small:0;--awb-spacing-right-small:1.92%;--awb-spacing-left-small:1.92%;\"><div class=\"fusion-column-wrapper fusion-column-has-shadow fusion-flex-justify-content-flex-start fusion-content-layout-column\"><div style=\"text-align:center;\"><a class=\"fusion-button button-flat button-xlarge button-default fusion-button-default button-4 fusion-button-default-span fusion-button-default-type\" target=\"_self\" href=\"\/de\/online-buchung-bikeverleih-st-christina\/\"><span class=\"fusion-button-text awb-button__text awb-button__text--default\">BIKE Buchen<\/span><\/a><\/div><\/div><\/div><\/div><\/div><\/div><\/div><\/div><\/p>\n","protected":false},"excerpt":{"rendered":"","protected":false},"author":1,"featured_media":0,"parent":0,"menu_order":0,"comment_status":"closed","ping_status":"closed","template":"100-width.php","meta":{"footnotes":""},"class_list":["post-27020","page","type-page","status-publish","hentry"],"_links":{"self":[{"href":"https:\/\/www.valgardenasport.com\/de\/wp-json\/wp\/v2\/pages\/27020","targetHints":{"allow":["GET"]}}],"collection":[{"href":"https:\/\/www.valgardenasport.com\/de\/wp-json\/wp\/v2\/pages"}],"about":[{"href":"https:\/\/www.valgardenasport.com\/de\/wp-json\/wp\/v2\/types\/page"}],"author":[{"embeddable":true,"href":"https:\/\/www.valgardenasport.com\/de\/wp-json\/wp\/v2\/users\/1"}],"replies":[{"embeddable":true,"href":"https:\/\/www.valgardenasport.com\/de\/wp-json\/wp\/v2\/comments?post=27020"}],"version-history":[{"count":12,"href":"https:\/\/www.valgardenasport.com\/de\/wp-json\/wp\/v2\/pages\/27020\/revisions"}],"predecessor-version":[{"id":35731,"href":"https:\/\/www.valgardenasport.com\/de\/wp-json\/wp\/v2\/pages\/27020\/revisions\/35731"}],"wp:attachment":[{"href":"https:\/\/www.valgardenasport.com\/de\/wp-json\/wp\/v2\/media?parent=27020"}],"curies":[{"name":"wp","href":"https:\/\/api.w.org\/{rel}","templated":true}]}}