{"id":39075,"date":"2025-12-14T22:00:40","date_gmt":"2025-12-14T21:00:40","guid":{"rendered":"https:\/\/www.valgardenasport.com\/guida-attrezzatura-invernale-e-prenotazione\/"},"modified":"2025-12-14T22:31:52","modified_gmt":"2025-12-14T21:31:52","slug":"ausruestung-buchung-guide","status":"publish","type":"page","link":"https:\/\/www.valgardenasport.com\/de\/ausruestung-buchung-guide\/","title":{"rendered":"Ausr\u00fcstung &#038; Buchung Guide"},"content":{"rendered":"<h1 data-start=\"209\" data-end=\"240\">Ausr\u00fcstung &#038; Buchung Guide<\/h1>\n<h2 data-start=\"242\" data-end=\"263\"><strong data-start=\"247\" data-end=\"261\">Skiauswahl<\/strong><\/h2>\n<p data-start=\"264\" data-end=\"510\">Die Skil\u00e4nge richtet sich haupts\u00e4chlich nach <strong data-start=\"309\" data-end=\"355\">K\u00f6rpergr\u00f6\u00dfe, Gewicht, Alter und Fahrk\u00f6nnen<\/strong>. Im Online-Buchungssystem geben Sie Ihre Daten und Ihr Niveau ein, um die passenden Skil\u00e4ngen f\u00fcr jede Kategorie und jedes Modell angezeigt zu bekommen.<\/p>\n<h4 data-start=\"512\" data-end=\"561\"><strong data-start=\"517\" data-end=\"559\">Allgemeine Orientierung nach Fahrlevel<\/strong><\/h4>\n<ul data-start=\"562\" data-end=\"1195\">\n<li data-start=\"562\" data-end=\"679\">\n<p data-start=\"564\" data-end=\"679\"><strong data-start=\"564\" data-end=\"590\">Anf\u00e4nger (Silver Ski):<\/strong> K\u00fcrzer als die K\u00f6rpergr\u00f6\u00dfe, etwa auf Kinn\u2013Nasen-H\u00f6he. Leicht zu drehen und verzeihend.<\/p>\n<\/li>\n<li data-start=\"680\" data-end=\"823\">\n<p data-start=\"682\" data-end=\"823\"><strong data-start=\"682\" data-end=\"739\">Fortgeschritten \/ sportliche Pistenfahrer (Gold Ski):<\/strong> Zwischen Nasen- und K\u00f6rpergr\u00f6\u00dfe. Gute Balance zwischen Stabilit\u00e4t und Wendigkeit.<\/p>\n<\/li>\n<li data-start=\"824\" data-end=\"1195\">\n<p data-start=\"826\" data-end=\"987\"><strong data-start=\"826\" data-end=\"883\">Fortgeschrittene \/ Experten (Platinum &amp; Diamond Ski):<\/strong> Etwa K\u00f6rpergr\u00f6\u00dfe oder leicht dar\u00fcber. L\u00e4ngere Ski bieten mehr Stabilit\u00e4t bei hohen Geschwindigkeiten.<\/p>\n<ul data-start=\"990\" data-end=\"1195\">\n<li data-start=\"990\" data-end=\"1067\">\n<p data-start=\"992\" data-end=\"1067\"><strong data-start=\"992\" data-end=\"1007\">Slalom-Ski:<\/strong> Meist k\u00fcrzer (max. 170\u202fcm) f\u00fcr schnelle, reaktive Kurven.<\/p>\n<\/li>\n<li data-start=\"1070\" data-end=\"1127\">\n<p data-start=\"1072\" data-end=\"1127\"><strong data-start=\"1072\" data-end=\"1089\">Allround-Ski:<\/strong> 5\u201315\u202fcm k\u00fcrzer als die K\u00f6rpergr\u00f6\u00dfe.<\/p>\n<\/li>\n<li data-start=\"1130\" data-end=\"1195\">\n<p data-start=\"1132\" data-end=\"1195\"><strong data-start=\"1132\" data-end=\"1153\">Giant-Slalom-Ski:<\/strong> K\u00f6nnen l\u00e4nger als die K\u00f6rpergr\u00f6\u00dfe sein.<\/p>\n<\/li>\n<\/ul>\n<\/li>\n<\/ul>\n<h2 data-start=\"1197\" data-end=\"1217\"><\/h2>\n<h4 data-start=\"2744\" data-end=\"2778\"><strong data-start=\"2749\" data-end=\"2778\">Erwachsene Ski-Kategorien<\/strong><\/h4>\n<div class=\"TyagGW_tableContainer\">\n<div class=\"group TyagGW_tableWrapper flex w-fit flex-col-reverse\" tabindex=\"-1\">\n<table class=\"w-fit min-w-(--thread-content-width)\" data-start=\"2780\" data-end=\"3650\">\n<thead data-start=\"2780\" data-end=\"2822\">\n<tr data-start=\"2780\" data-end=\"2822\">\n<th data-start=\"2780\" data-end=\"2792\" data-col-size=\"sm\">Kategorie<\/th>\n<th data-start=\"2792\" data-end=\"2798\" data-col-size=\"md\">F\u00fcr<\/th>\n<th data-start=\"2798\" data-end=\"2814\" data-col-size=\"md\">Eigenschaften<\/th>\n<th data-start=\"2814\" data-end=\"2822\" data-col-size=\"md\">Ziel<\/th>\n<\/tr>\n<\/thead>\n<tbody data-start=\"2866\" data-end=\"3650\">\n<tr data-start=\"2866\" data-end=\"2983\">\n<td data-start=\"2866\" data-end=\"2883\" data-col-size=\"sm\"><a href=\"https:\/\/www.valgardenasport.com\/de\/skiverleih\/silver-ski-class\/\"><strong data-start=\"2868\" data-end=\"2882\">Silver Ski<\/strong><\/a><\/td>\n<td data-start=\"2883\" data-end=\"2917\" data-col-size=\"md\">Anf\u00e4nger, vorsichtige Skifahrer<\/td>\n<td data-start=\"2917\" data-end=\"2955\" data-col-size=\"md\">Verzeihend, leicht zu kontrollieren<\/td>\n<td data-start=\"2955\" data-end=\"2983\" data-col-size=\"md\">Ruhiges, sicheres Lernen<\/td>\n<\/tr>\n<tr data-start=\"2984\" data-end=\"3124\">\n<td data-start=\"2984\" data-end=\"2999\" data-col-size=\"sm\"><a href=\"https:\/\/www.valgardenasport.com\/de\/skiverleih\/gold-ski-class\/\"><strong data-start=\"2986\" data-end=\"2998\">Gold Ski<\/strong><\/a><\/td>\n<td data-start=\"2999\" data-end=\"3052\" data-col-size=\"md\">Anf\u00e4nger mit Erfahrung bis solide Fortgeschrittene<\/td>\n<td data-start=\"3052\" data-end=\"3084\" data-col-size=\"md\">Allround-Carver, weicher Flex<\/td>\n<td data-start=\"3084\" data-end=\"3124\" data-col-size=\"md\">Komfortables, vielseitiges Skifahren<\/td>\n<\/tr>\n<tr data-start=\"3125\" data-end=\"3263\">\n<td data-start=\"3125\" data-end=\"3146\" data-col-size=\"sm\"><a href=\"https:\/\/www.valgardenasport.com\/de\/skiverleih\/platinum-ski-class\/\"><strong data-start=\"3127\" data-end=\"3145\">Platinum Piste<\/strong><\/a><\/td>\n<td data-start=\"3146\" data-end=\"3190\" data-col-size=\"md\">Ambitionierte, sportliche Pistenskifahrer<\/td>\n<td data-start=\"3190\" data-end=\"3235\" data-col-size=\"md\">Top-Modelle, stabil, maximale Kantengriffe<\/td>\n<td data-start=\"3235\" data-end=\"3263\" data-col-size=\"md\">Hohe Leistung, Pr\u00e4zision<\/td>\n<\/tr>\n<tr data-start=\"3264\" data-end=\"3415\">\n<td data-start=\"3264\" data-end=\"3292\" data-col-size=\"sm\"><a href=\"https:\/\/www.valgardenasport.com\/de\/skiverleih\/platinum-ski-class\/\"><strong data-start=\"3266\" data-end=\"3291\">Platinum All-Mountain<\/strong><\/a><\/td>\n<td data-start=\"3292\" data-end=\"3318\" data-col-size=\"md\">Ski auf Piste &amp; abseits<\/td>\n<td data-start=\"3318\" data-end=\"3366\" data-col-size=\"md\">Ausgewogene Stabilit\u00e4t, Kantengriff, D\u00e4mpfung<\/td>\n<td data-start=\"3366\" data-end=\"3415\" data-col-size=\"md\">Starkes Leistungsniveau auf variablem Terrain<\/td>\n<\/tr>\n<tr data-start=\"3416\" data-end=\"3544\">\n<td data-start=\"3416\" data-end=\"3434\" data-col-size=\"sm\"><a href=\"https:\/\/www.valgardenasport.com\/de\/skiverleih\/stockli-ski-van-deer-red-bull-sports\/\"><strong data-start=\"3418\" data-end=\"3433\">Diamond Ski<\/strong><\/a><\/td>\n<td data-start=\"3434\" data-end=\"3477\" data-col-size=\"md\">Sehr erfahrene, anspruchsvolle Skifahrer<\/td>\n<td data-start=\"3477\" data-end=\"3512\" data-col-size=\"md\">Exklusiv, handgefertigt, Premium<\/td>\n<td data-start=\"3512\" data-end=\"3544\" data-col-size=\"md\">Maximale Leistung, Pr\u00e4zision<\/td>\n<\/tr>\n<tr data-start=\"3545\" data-end=\"3650\">\n<td data-start=\"3545\" data-end=\"3565\" data-col-size=\"sm\"><strong data-start=\"3547\" data-end=\"3564\">Ski Freestyle<\/strong><\/td>\n<td data-start=\"3565\" data-end=\"3589\" data-col-size=\"md\">Park, Tricks, Spr\u00fcnge<\/td>\n<td data-start=\"3589\" data-end=\"3619\" data-col-size=\"md\">Twin-Tip, verspielt, wendig<\/td>\n<td data-start=\"3619\" data-end=\"3650\" data-col-size=\"md\">Spa\u00df, vielseitig einsetzbar<\/td>\n<\/tr>\n<\/tbody>\n<\/table>\n<\/div>\n<\/div>\n<h2 data-start=\"3652\" data-end=\"3689\"><\/h2>\n<h2 data-start=\"3652\" data-end=\"3689\"><strong data-start=\"3657\" data-end=\"3687\">Junior- &amp; Kinderkategorien<\/strong><\/h2>\n<ul data-start=\"3690\" data-end=\"3913\">\n<li data-start=\"3690\" data-end=\"3759\">\n<p data-start=\"3692\" data-end=\"3759\"><strong data-start=\"3692\" data-end=\"3717\">Kinder (bis 9 Jahre):<\/strong> Leicht lernbare Ski, frisch vorbereitet<\/p>\n<\/li>\n<li data-start=\"3760\" data-end=\"3836\">\n<p data-start=\"3762\" data-end=\"3836\"><strong data-start=\"3762\" data-end=\"3796\">Junior Standard (10\u201314 Jahre):<\/strong> Moderne Carving-Ski, leicht zu lernen<\/p>\n<\/li>\n<li data-start=\"3837\" data-end=\"3913\">\n<p data-start=\"3839\" data-end=\"3913\"><strong data-start=\"3839\" data-end=\"3874\">Junior Advanced (bis 14 Jahre):<\/strong> Sportlich, fortgeschrittene Leistung<\/p>\n<\/li>\n<li data-start=\"3837\" data-end=\"3913\">weitere Infos \u00fcber die Kinderski: <a href=\"https:\/\/www.valgardenasport.com\/de\/skiverleih\/kinderski\/\">Kinderski<\/a><\/li>\n<\/ul>\n<h2 data-start=\"3915\" data-end=\"3946\"><\/h2>\n<h2 data-start=\"3915\" data-end=\"3946\"><strong data-start=\"3920\" data-end=\"3944\">Snowboard-Kategorien<\/strong><\/h2>\n<ul data-start=\"3947\" data-end=\"4073\">\n<li data-start=\"3947\" data-end=\"4008\">\n<p data-start=\"3949\" data-end=\"4008\"><strong data-start=\"3949\" data-end=\"3958\">Gold:<\/strong> Anf\u00e4nger \/ untere Mittelstufe, leicht zu drehen<\/p>\n<\/li>\n<li data-start=\"4009\" data-end=\"4073\">\n<p data-start=\"4011\" data-end=\"4073\"><strong data-start=\"4011\" data-end=\"4024\">Platinum:<\/strong> Anspruchsvolle Fahrer, High-Performance Boards<\/p>\n<\/li>\n<li data-start=\"4009\" data-end=\"4073\">weitere Infos \u00fcber Snowboards und Step-on Bindungen: <a href=\"https:\/\/www.valgardenasport.com\/de\/snowboard-verleih\/\">Snowboard<\/a><\/li>\n<\/ul>\n<p data-start=\"4075\" data-end=\"4194\">Alle Kategorien vergleichen &amp; online buchen: <a class=\"decorated-link\" href=\"https:\/\/www.valgardenasport.com\/de\/skiverleih-online-buchung\/\" target=\"_new\" rel=\"noopener\" data-start=\"4120\" data-end=\"4192\">Booking<\/a><\/p>\n<p>&nbsp;<\/p>\n<h2 data-start=\"1197\" data-end=\"1217\"><strong data-start=\"1202\" data-end=\"1215\">Skischuhe<\/strong><\/h2>\n<ul data-start=\"1218\" data-end=\"1542\">\n<li data-start=\"1218\" data-end=\"1299\">\n<p data-start=\"1220\" data-end=\"1299\">W\u00e4hlen Sie die Schuhgr\u00f6\u00dfe basierend auf Ihrer <strong data-start=\"1266\" data-end=\"1296\">normalen Stra\u00dfenschuhgr\u00f6\u00dfe<\/strong>.<\/p>\n<\/li>\n<li data-start=\"1300\" data-end=\"1390\">\n<p data-start=\"1302\" data-end=\"1390\">Bei Zwischengr\u00f6\u00dfen wird h\u00e4ufig die kleinere Gr\u00f6\u00dfe f\u00fcr eine pr\u00e4zisere Passform gew\u00e4hlt.<\/p>\n<\/li>\n<li data-start=\"1391\" data-end=\"1452\">\n<p data-start=\"1393\" data-end=\"1452\">Skischuhe sollten <strong data-start=\"1411\" data-end=\"1449\">eng anliegen, aber nicht schmerzen<\/strong>.<\/p>\n<\/li>\n<li data-start=\"1453\" data-end=\"1542\">\n<p data-start=\"1455\" data-end=\"1542\"><strong data-start=\"1455\" data-end=\"1477\">Vor-Ort-Anpassung:<\/strong> Unsere Experten helfen Ihnen, die perfekte Passform zu finden.<\/p>\n<\/li>\n<\/ul>\n<h4 data-start=\"1544\" data-end=\"1571\"><strong data-start=\"1549\" data-end=\"1569\">Praktische Tipps<\/strong><\/h4>\n<ul data-start=\"1572\" data-end=\"2027\">\n<li data-start=\"1572\" data-end=\"1624\">\n<p data-start=\"1574\" data-end=\"1624\"><strong data-start=\"1574\" data-end=\"1586\">Stehend:<\/strong> Zehen k\u00f6nnen leicht vorne anliegen.<\/p>\n<\/li>\n<li data-start=\"1625\" data-end=\"1723\">\n<p data-start=\"1627\" data-end=\"1723\"><strong data-start=\"1627\" data-end=\"1664\">In Skistellung nach vorne beugen:<\/strong> Zehen sollten leicht vom vorderen Schuhbereich abr\u00fccken.<\/p>\n<\/li>\n<li data-start=\"1724\" data-end=\"1795\">\n<p data-start=\"1726\" data-end=\"1795\"><strong data-start=\"1726\" data-end=\"1738\">Zu gro\u00df:<\/strong> Ferse hebt sich, Fu\u00df bewegt sich; Kontrolle reduziert.<\/p>\n<\/li>\n<li data-start=\"1796\" data-end=\"1856\">\n<p data-start=\"1798\" data-end=\"1856\"><strong data-start=\"1798\" data-end=\"1811\">Zu klein:<\/strong> Taube Zehen, starker Druck oder Schmerzen.<\/p>\n<\/li>\n<li data-start=\"1857\" data-end=\"2027\">\n<p data-start=\"1859\" data-end=\"2027\"><strong data-start=\"1859\" data-end=\"1893\">Breite oder empfindliche F\u00fc\u00dfe:<\/strong> Pers\u00f6nliche Kontrolle vor Ort wird empfohlen. Unsere Experten bei <strong data-start=\"1960\" data-end=\"1986\">Intersport Val Gardena<\/strong> f\u00fchren individuelle Anpassungen durch.<\/p>\n<\/li>\n<\/ul>\n<h2 data-start=\"2029\" data-end=\"2045\"><\/h2>\n<h2 data-start=\"2029\" data-end=\"2045\"><strong data-start=\"2034\" data-end=\"2043\">Helme<\/strong><\/h2>\n<ul data-start=\"2046\" data-end=\"2251\">\n<li data-start=\"2046\" data-end=\"2088\">\n<p data-start=\"2048\" data-end=\"2088\">Gr\u00f6\u00dfe basiert auf <strong data-start=\"2066\" data-end=\"2085\">Kopfumfang (cm)<\/strong>.<\/p>\n<\/li>\n<li data-start=\"2089\" data-end=\"2137\">\n<p data-start=\"2091\" data-end=\"2137\">Feineinstellung \u00fcber das Helmverstellsystem.<\/p>\n<\/li>\n<li data-start=\"2138\" data-end=\"2251\">\n<p data-start=\"2140\" data-end=\"2251\">Unsicher? Nutzen Sie das Online-System zur Orientierung und holen Sie sich pers\u00f6nliche Beratung bei Abholung.<\/p>\n<\/li>\n<\/ul>\n<h2 data-start=\"2253\" data-end=\"2278\"><\/h2>\n<h2 data-start=\"4196\" data-end=\"4233\"><strong data-start=\"4201\" data-end=\"4231\">Skischuhanpassung &amp; Preise<\/strong><\/h2>\n<p data-start=\"1275\" data-end=\"1618\">Haben Sie Druckstellen, Schmerzen oder Passformprobleme mit Ihren Skischuhen? Egal ob breite oder empfindliche F\u00fc\u00dfe \u2013 unsere Skischuh-Experten helfen Ihnen gerne weiter. Besuchen Sie <strong data-start=\"1458\" data-end=\"1491\">Intersport Ciampinoi in Selva<\/strong> (Tel.: +39 0471 794247) oder das <strong data-start=\"1525\" data-end=\"1563\">Intersport Center in St. Christina<\/strong> (Tel.: +39 0471 790015) f\u00fcr eine pers\u00f6nliche Beratung.<\/p>\n<h3 data-start=\"1620\" data-end=\"1654\"><strong data-start=\"1624\" data-end=\"1654\">Preise &amp; Anpassungsdetails<\/strong><\/h3>\n<p data-start=\"1655\" data-end=\"2011\">Die Skischuhanpassung ist immer <strong data-start=\"1687\" data-end=\"1702\">individuell<\/strong>, daher k\u00f6nnen die <strong data-start=\"1721\" data-end=\"1765\">Preise nicht im Voraus festgelegt werden<\/strong>.<br data-start=\"1766\" data-end=\"1769\" \/>Um ein genaues Angebot erstellen zu k\u00f6nnen, m\u00fcssen wir <strong data-start=\"1824\" data-end=\"1888\">Ihre F\u00fc\u00dfe und Ihre Skischuhe sorgf\u00e4ltig und im Detail pr\u00fcfen<\/strong>. Erst danach k\u00f6nnen unsere Experten beurteilen, welche Anpassungen notwendig sind, um eine optimale Passform zu erreichen.<\/p>\n<p data-start=\"2013\" data-end=\"2147\">Alle Skischuhanpassungen und individuellen Modifikationen werden direkt von unseren <strong data-start=\"2097\" data-end=\"2133\">geschulten Skischuh-Spezialisten<\/strong> durchgef\u00fchrt.<\/p>\n<h3 data-start=\"2149\" data-end=\"2177\"><strong data-start=\"2153\" data-end=\"2177\">Kauf neuer Skischuhe<\/strong><\/h3>\n<p data-start=\"2178\" data-end=\"2286\">Beim Kauf neuer Skischuhe in unserem Shop ist die <strong data-start=\"2228\" data-end=\"2285\">professionelle Skischuhanpassung im Preis inbegriffen<\/strong>.#<\/p>\n<ul>\n<li data-start=\"2178\" data-end=\"2286\">mehr Infos \u00fcber das Boot Fitting: <a href=\"https:\/\/www.valgardenasport.com\/de\/services\/boot-fitting-skischuh-anpassung-fussanalyse\/\">Boot Fitting<\/a><\/li>\n<\/ul>\n<p>&nbsp;<\/p>\n<h2 data-start=\"2253\" data-end=\"2278\"><strong data-start=\"2258\" data-end=\"2276\">Online Buchungsablauf<\/strong><\/h2>\n<ol data-start=\"2279\" data-end=\"2742\">\n<li data-start=\"2279\" data-end=\"2388\">\n<p data-start=\"2282\" data-end=\"2388\">Besuchen Sie: <a class=\"decorated-link\" href=\"https:\/\/www.valgardenasport.com\/de\/skiverleih-online-buchung\/\" target=\"_new\" rel=\"noopener\" data-start=\"2296\" data-end=\"2386\">Online Ski Rental Booking<\/a><\/p>\n<\/li>\n<li data-start=\"2389\" data-end=\"2442\">\n<p data-start=\"2392\" data-end=\"2442\">W\u00e4hlen Sie <strong data-start=\"2403\" data-end=\"2422\">Verleihstandort<\/strong> und <strong data-start=\"2427\" data-end=\"2439\">Zeitraum<\/strong>.<\/p>\n<\/li>\n<li data-start=\"2443\" data-end=\"2488\">\n<p data-start=\"2446\" data-end=\"2488\">W\u00e4hlen Sie <strong data-start=\"2457\" data-end=\"2485\">Ski-\/Snowboard-Kategorie<\/strong>.<\/p>\n<\/li>\n<li data-start=\"2489\" data-end=\"2537\">\n<p data-start=\"2492\" data-end=\"2537\">Geben Sie <strong data-start=\"2502\" data-end=\"2516\">Schuhgr\u00f6\u00dfe<\/strong> f\u00fcr Skischuhe ein.<\/p>\n<\/li>\n<li data-start=\"2538\" data-end=\"2582\">\n<p data-start=\"2541\" data-end=\"2582\">F\u00fcgen Sie zus\u00e4tzliches Equipment hinzu.<\/p>\n<\/li>\n<li data-start=\"2583\" data-end=\"2690\">\n<p data-start=\"2586\" data-end=\"2690\">Tragen Sie im Feld <strong data-start=\"2605\" data-end=\"2624\">\u201cSonderw\u00fcnsche\u201d<\/strong> besondere W\u00fcnsche ein (z.\u202fB. spezielle Skil\u00e4ngen oder Modelle).<\/p>\n<\/li>\n<li data-start=\"2691\" data-end=\"2742\">\n<p data-start=\"2694\" data-end=\"2742\">Abschluss der Buchung mit Kreditkartenzahlung.<\/p>\n<\/li>\n<\/ol>\n<h4 data-start=\"2744\" data-end=\"2778\"><\/h4>\n","protected":false},"excerpt":{"rendered":"<p>Ausr\u00fcstung &#038; Buchung Guide Skiauswahl Die Skil\u00e4nge richtet sich haupts\u00e4chlich  [&#8230;]<\/p>\n","protected":false},"author":1,"featured_media":0,"parent":0,"menu_order":0,"comment_status":"closed","ping_status":"closed","template":"100-width.php","meta":{"footnotes":""},"class_list":["post-39075","page","type-page","status-publish","hentry"],"_links":{"self":[{"href":"https:\/\/www.valgardenasport.com\/de\/wp-json\/wp\/v2\/pages\/39075","targetHints":{"allow":["GET"]}}],"collection":[{"href":"https:\/\/www.valgardenasport.com\/de\/wp-json\/wp\/v2\/pages"}],"about":[{"href":"https:\/\/www.valgardenasport.com\/de\/wp-json\/wp\/v2\/types\/page"}],"author":[{"embeddable":true,"href":"https:\/\/www.valgardenasport.com\/de\/wp-json\/wp\/v2\/users\/1"}],"replies":[{"embeddable":true,"href":"https:\/\/www.valgardenasport.com\/de\/wp-json\/wp\/v2\/comments?post=39075"}],"version-history":[{"count":5,"href":"https:\/\/www.valgardenasport.com\/de\/wp-json\/wp\/v2\/pages\/39075\/revisions"}],"predecessor-version":[{"id":39086,"href":"https:\/\/www.valgardenasport.com\/de\/wp-json\/wp\/v2\/pages\/39075\/revisions\/39086"}],"wp:attachment":[{"href":"https:\/\/www.valgardenasport.com\/de\/wp-json\/wp\/v2\/media?parent=39075"}],"curies":[{"name":"wp","href":"https:\/\/api.w.org\/{rel}","templated":true}]}}